{"id":2529,"date":"2023-04-15T14:22:50","date_gmt":"2023-04-15T12:22:50","guid":{"rendered":"https:\/\/www.kubo-austria.com\/?page_id=2529"},"modified":"2023-04-16T14:01:21","modified_gmt":"2023-04-16T12:01:21","slug":"kubo22-impressions-deutsch","status":"publish","type":"page","link":"http:\/\/kubo22.kubo-austria.com\/?page_id=2529&lang=de","title":{"rendered":"KUBO22 Impressions &#8211; Deutsch"},"content":{"rendered":"<div  data-label=\"Features\" data-id=\"features--1\" data-export-id=\"features-16\" data-category=\"features\" class=\"features-16 content-section content-section-spacing white-text\" id=\"features-1\" style=\"background-color: rgb(35, 36, 37); background-image: none;\"><div  class=\"gridContainer\"> <div  class=\"row text-center\"><div  class=\"section-title-col\" data-type=\"column\"> <h2  class=\"\">Das war [unapologetically filipino \u2013 leider kreativ]<\/h2> <img  decoding=\"async\" class=\"custom-image\" src=\"http:\/\/kubo22.kubo-austria.com\/wp-content\/uploads\/2022\/01\/cropped-cropped-kubo22-logo_blk_square.png\" title=\"cropped-cropped-kubo22-logo_blk_square.png\" alt=\"\"><p  class=\"lead\" style=\"text-align: center;\">\n<br >Vom 02.09. bis 04.09.2022 veranstaltete SENTRO das erste Kunst- und Kulturfestival \u201eKUB\u014c22\u201c in der VHS Gro\u00dffeldsiedlung. Unterst\u00fctzt von der Kulturabteilung der Stadt Wien MA7, feierte KUB\u014c seine Premiere mit einer mehrt\u00e4gigen Veranstaltung, bei der junge Kreative aus der Diaspora feiern, entdecken und verstehen konnten, was es bedeutet, Filipino zu sein. Ziel war es, einen Raum zu schaffen, um als Gemeinschaft von Freunden, Suchenden und neugierigen Zuschauern zusammenzukommen und die philippinische Kultur durch Dialog, kreative Zusammenarbeit, k\u00fcnstlerischen Ausdruck und sinnvolle Entdeckungen als globale Pinoy-Familie zu feiern.<\/p><\/div> <\/div> <div  class=\"row spaced-cols\" data-type=\"row\"> <div  class=\"col-xs-12 col-sm-6 col-md-4 space-bottom\"> <img  decoding=\"async\" class=\"face\" src=\"http:\/\/kubo22.kubo-austria.com\/wp-content\/uploads\/2023\/04\/KUBO22-20220902-201054_DSC08724.jpg\" title=\"KUBO22-20220902-201054_DSC08724\" alt=\"\"> <div  data-type=\"column\" class=\"col-padding-small col-padding-small-xs description-container\"> <h4  class=\"font-500\">Es war emotional und sch\u00f6n\u2026<\/h4>  <\/div> <\/div> <div  class=\"col-xs-12 col-sm-6 col-md-4 space-bottom\"> <img  decoding=\"async\" class=\"face\" src=\"http:\/\/kubo22.kubo-austria.com\/wp-content\/uploads\/2023\/04\/KUBO22-20220903-122251_DSC09168.jpg\" title=\"KUBO22-20220903-122251_DSC09168\" alt=\"\"> <div  data-type=\"column\" class=\"col-padding-small col-padding-small-xs description-container\"> <h4  class=\"font-500\">\u2026f\u00fcr alle Generationen\u2026<\/h4>  <\/div> <\/div> <div  class=\"col-xs-12 col-sm-6 col-md-4 space-bottom\"> <img  decoding=\"async\" class=\"face\" src=\"http:\/\/kubo22.kubo-austria.com\/wp-content\/uploads\/2023\/04\/KUBO22-20220903-150452_DSC09395.jpg\" title=\"KUBO22-20220903-150452_DSC09395\" alt=\"\"> <div  data-type=\"column\" class=\"col-padding-small col-padding-small-xs description-container\"> <h4  class=\"font-500\">\u2026miteinander zu sprechen, \u2026<\/h4>  <\/div> <\/div><\/div> <\/div><\/div><div  data-label=\"Features\" data-id=\"features--2\" data-export-id=\"features-16\" data-category=\"features\" class=\"features-16 content-section content-section-spacing white-text\" id=\"features-2\" style=\"background-image: none; background-color: rgb(35, 36, 37);\" data-section-ov=\"1\"><div  class=\"gridContainer\"> <div  class=\"row text-center\"><div  class=\"section-title-col\" data-type=\"column\">  <\/div> <\/div> <div  class=\"row spaced-cols\" data-type=\"row\"> <div  class=\"col-xs-12 col-sm-6 col-md-4 space-bottom\"> <img  decoding=\"async\" class=\"face\" src=\"http:\/\/kubo22.kubo-austria.com\/wp-content\/uploads\/2023\/04\/KUBO22-20220903-162134_DSC08498.jpg\" title=\"KUBO22-20220903-162134_DSC08498\" alt=\"\"> <div  data-type=\"column\" class=\"col-padding-small col-padding-small-xs description-container\"> <h4  class=\"font-500\">\u2026voneinander zu lernen, \u2026<\/h4>  <\/div> <\/div> <div  class=\"col-xs-12 col-sm-6 col-md-4 space-bottom\"> <img  decoding=\"async\" class=\"face\" src=\"http:\/\/kubo22.kubo-austria.com\/wp-content\/uploads\/2023\/04\/KUBO22-20220903-181314_DSC09807.jpg\" title=\"KUBO22-20220903-181314_DSC09807\" alt=\"\"> <div  data-type=\"column\" class=\"col-padding-small col-padding-small-xs description-container\"> <h4  class=\"font-500\">\u2026\u00fcber Kultur und Identit\u00e4t,\u2026<\/h4>  <\/div> <\/div> <div  class=\"col-xs-12 col-sm-6 col-md-4 space-bottom\"> <img  decoding=\"async\" class=\"face\" src=\"http:\/\/kubo22.kubo-austria.com\/wp-content\/uploads\/2023\/04\/KUBO22-20220904-164959_DSC08817.jpg\" title=\"KUBO22-20220904-164959_DSC08817\" alt=\"\"> <div  data-type=\"column\" class=\"col-padding-small col-padding-small-xs description-container\"> <h4  class=\"font-500\">\u2026Kunst, Kulinarik und so viel mehr\u2026!<\/h4>  <\/div> <\/div><\/div> <\/div><\/div><div  data-label=\"Content\" data-id=\"content--1\" data-export-id=\"content-14\" data-category=\"content\" data-section-ov=\"1\" class=\"content-14 content-section content-section-spacing lightbox-video inverted white-text\" data-parallax-depth=\"20\" id=\"content-1\" style=\"background-color: rgb(255, 255, 255); background-image: url(&quot;http:\/\/kubo22.kubo-austria.com\/wp-content\/uploads\/2022\/02\/kubo-header-02.png&quot;); background-size: cover; background-position: center top;\" https:=\"\" www.kubo-austria.com=\"\" wp-content=\"\" uploads=\"\" 2022=\"\" 02=\"\" kubo-header-01.png\");=\"\" background-size:=\"\" cover;=\"\" background-position:=\"\" center=\"\" top;\"=\"\"><div  class=\"gridContainer\"> <div  class=\"row center-xs middle-xs\"><div  class=\"col-xs middle-xs center-xs\"> <a  data-fancybox=\"\" data-video-lightbox=\"true\" href=\"https:\/\/youtu.be\/an-2muYwr_o\" class=\"\"> <i  class=\"fa video-icon fa-play-circle-o reverse round color2\" data-cp-fa=\"true\"><\/i><\/a> <p  class=\"h2 space-top\">Schaue hier unser Video!<\/p><\/div> <\/div><\/div> <\/div><div  data-label=\"About\" data-id=\"about--1\" data-export-id=\"about-9\" data-category=\"about\" class=\"about-9 content-section content-section-spacing white-text\" id=\"about-1\" style=\"background-color: rgb(35, 36, 37); background-image: none;\"><div  class=\"gridContainer\"> <div  class=\"row middle-sm text-center\"><div  class=\"col-sm-5 space-bottom-xs content-column content-right-sm\" data-type=\"column\"> <h5  class=\"\">KUBO22 GALERIE<\/h5> <h2  class=\"\">Erlebe noch einmal die <br > <span  style=\"font-family: Playfair Display,sans-serif; font-weight: 700; font-style: italic;\" href=\"#\">Emotionen und Momente<\/span>\n<br >von KUBO22<\/h2>  <p  class=\"\">Einen Festivalbericht gibt es <a data-mce-href=\"https:\/\/www.zentrum-oep.at\/?p=1791\" href=\"https:\/\/www.zentrum-oep.at?p=1791\" target=\"_blank\" rel=\"noopener\" data-mce-selected=\"inline-boundary\" data-cp-link=\"1\" class=\"\">hier<\/a> .<\/p><a class=\"button color2 dark-text\" href=\"https:\/\/www.zentrum-oep.at?page_id=1826\" target=\"_blank\" data-cp-link=\"1\" data-icon=\"\" rel=\"noopener\">ZU DEN BILDERN<\/a><\/div> <div  class=\"col-sm-7 flexbox flexbox middle-xs center-xs space-bottom-xs\"><div  class=\"overlay-box flexbox middle-xs center-xs overlay-holder \"> <div  class=\"overlay-box-offset offset-background shadow-medium bg-color2 hide-xs\"><\/div> <a data-cp-link=\"1\" href=\"https:\/\/www.zentrum-oep.at?page_id=1826\" target=\"_blank\" rel=\"noopener\" class=\"\"><img  decoding=\"async\" class=\"flexbox shadow-large img1\" src=\"http:\/\/kubo22.kubo-austria.com\/wp-content\/uploads\/2023\/04\/KUBO22-20220904-125029_DSC08731-scaled-1.jpg\" data-size=\"600x400\" title=\"KUBO22-20220904-125029_DSC08731-scaled\" alt=\"\"><\/a><\/div> <\/div><\/div> <\/div><\/div>","protected":false},"excerpt":{"rendered":"<p>Das war [unapologetically filipino \u2013 leider kreativ] Vom 02.09. bis 04.09.2022 veranstaltete SENTRO das erste Kunst- und Kulturfestival \u201eKUB\u014c22\u201c in der VHS Gro\u00dffeldsiedlung. Unterst\u00fctzt von der Kulturabteilung der Stadt Wien MA7, feierte KUB\u014c seine Premiere mit einer mehrt\u00e4gigen Veranstaltung, bei der junge Kreative aus der Diaspora feiern, entdecken und verstehen konnten, was es bedeutet, Filipino&hellip; <br \/> <a class=\"read-more\" href=\"http:\/\/kubo22.kubo-austria.com\/?page_id=2529&#038;lang=de\">Read more<\/a><\/p>\n","protected":false},"author":1,"featured_media":0,"parent":0,"menu_order":0,"comment_status":"closed","ping_status":"closed","template":"pro\/page-templates\/full-width-page.php","meta":{"footnotes":""},"class_list":["post-2529","page","type-page","status-publish","hentry"],"_links":{"self":[{"href":"http:\/\/kubo22.kubo-austria.com\/index.php?rest_route=\/wp\/v2\/pages\/2529","targetHints":{"allow":["GET"]}}],"collection":[{"href":"http:\/\/kubo22.kubo-austria.com\/index.php?rest_route=\/wp\/v2\/pages"}],"about":[{"href":"http:\/\/kubo22.kubo-austria.com\/index.php?rest_route=\/wp\/v2\/types\/page"}],"author":[{"embeddable":true,"href":"http:\/\/kubo22.kubo-austria.com\/index.php?rest_route=\/wp\/v2\/users\/1"}],"replies":[{"embeddable":true,"href":"http:\/\/kubo22.kubo-austria.com\/index.php?rest_route=%2Fwp%2Fv2%2Fcomments&post=2529"}],"version-history":[{"count":9,"href":"http:\/\/kubo22.kubo-austria.com\/index.php?rest_route=\/wp\/v2\/pages\/2529\/revisions"}],"predecessor-version":[{"id":2575,"href":"http:\/\/kubo22.kubo-austria.com\/index.php?rest_route=\/wp\/v2\/pages\/2529\/revisions\/2575"}],"wp:attachment":[{"href":"http:\/\/kubo22.kubo-austria.com\/index.php?rest_route=%2Fwp%2Fv2%2Fmedia&parent=2529"}],"curies":[{"name":"wp","href":"https:\/\/api.w.org\/{rel}","templated":true}]}}