{"id":518,"date":"2022-02-20T19:13:18","date_gmt":"2022-02-20T18:13:18","guid":{"rendered":"https:\/\/www.kubo-austria.com\/?page_id=518"},"modified":"2022-02-20T19:13:18","modified_gmt":"2022-02-20T18:13:18","slug":"impressum","status":"publish","type":"page","link":"http:\/\/kubo22.kubo-austria.com\/?page_id=518","title":{"rendered":"Impressum"},"content":{"rendered":"\n<h2 class=\"wp-block-heading\" id=\"impressum-disclaimer\">Impressum \/ Disclaimer<\/h2>\n\n\n\n<h5 class=\"wp-block-heading\" id=\"offenlegung-nach-25-mediengesetz\">Offenlegung nach \u00a7 25 Mediengesetz<\/h5>\n\n\n\n<p><strong>Verantwortlich:<\/strong><br>Zentrum f\u00fcr \u00f6sterreichische und philippinische Kultur und Sprache<br>ZVR-Zahl: 841099392<br>Wagramer Stra\u00dfe 22<br>1220 Wien<\/p>\n\n\n\n<p><strong>Kontakt:<\/strong><br>Telefon: +43 664 5414570<br>E-Mail: office(at)zentrum-oep.at<\/p>\n\n\n\n<p><strong>Vertretungsbefugte Organe:<\/strong><br>Vorsitzende: Arlene Castaneda<\/p>\n\n\n\n<p><strong>T\u00e4tigkeitsbereich:<\/strong><br><a href=\"http:\/\/www.zentrum-oep.at\/?page_id=24\">Siehe Ziele\u2026<\/a><\/p>\n\n\n\n<p><strong>Richtung der Website (\u201eBlattlinie\u201c):<\/strong><br>F\u00f6rderung der Ziele des T\u00e4tigkeitsbereiches<\/p>\n\n\n\n<h6 class=\"wp-block-heading\" id=\"haftungsausschluss-disclaimer\">Haftungsausschluss\/Disclaimer<\/h6>\n\n\n\n<p>1. Inhalt des Onlineangebotes<br>Der Verein \u201eZentrum f\u00fcr \u00f6sterreichische und philippinische Kultur und Sprache e.V.\u201c (nachfolgend genannt \u201eAutor\u201c) \u00fcbernimmt keinerlei Gew\u00e4hr f\u00fcr die Aktualit\u00e4t, Korrektheit, Vollst\u00e4ndigkeit oder Qualit\u00e4t der bereitgestellten Informationen. Haftungsanspr\u00fcche gegen den Autor, welche sich auf Sch\u00e4den materieller oder ideeller Art beziehen, die durch die Nutzung oder Nichtnutzung der dargebotenen Informationen bzw. durch die Nutzung fehlerhafter und unvollst\u00e4ndiger Informationen verursacht wurden sind grunds\u00e4tzlich ausgeschlossen, sofern seitens des Autors kein nachweislich vors\u00e4tzliches oder grob fahrl\u00e4ssiges Verschulden vorliegt. Alle Angebote sind freibleibend und unverbindlich. Der Autor beh\u00e4lt es sich ausdr\u00fccklich vor, Teile der Seiten oder das gesamte Angebot ohne gesonderte Ank\u00fcndigung zu ver\u00e4ndern, zu erg\u00e4nzen, zu l\u00f6schen oder die Ver\u00f6ffentlichung zeitweise oder endg\u00fcltig einzustellen.<\/p>\n\n\n\n<p>2. Verweise und Links<br>Bei direkten oder indirekten Verweisen auf fremde Internetseiten (\u201eLinks\u201c), die au\u00dferhalb des Verantwortungsbereiches des Autors liegen, w\u00fcrde eine Haftungsverpflichtung ausschlie\u00dflich in dem Fall in Kraft treten, in dem der Autor von den Inhalten Kenntnis hat und es ihm technisch m\u00f6glich und zumutbar w\u00e4re, die Nutzung im Falle rechtswidriger Inhalte zu verhindern. Der Autor erkl\u00e4rt daher ausdr\u00fccklich, dass zum Zeitpunkt der Linksetzung die entsprechenden verlinkten Seiten frei von illegalen Inhalten waren. Der Autor hat keinerlei Einfluss auf die aktuelle und zuk\u00fcnftige Gestaltung und auf die Inhalte der gelinkten\/verkn\u00fcpften Seiten. Deshalb distanziert er sich hiermit ausdr\u00fccklich von allen Inhalten aller gelinkten \/verkn\u00fcpften Seiten, die nach der Linksetzung ver\u00e4ndert wurden. Diese Feststellung gilt f\u00fcr alle innerhalb des eigenen Internetangebotes gesetzten Links und Verweise sowie f\u00fcr Fremdeintr\u00e4ge in vom Autor eingerichteten G\u00e4steb\u00fcchern, Diskussionsforen und Mailinglisten. F\u00fcr illegale, fehlerhafte oder unvollst\u00e4ndige Inhalte und insbesondere f\u00fcr Sch\u00e4den, die aus der Nutzung oder Nichtnutzung solcherart dargebotener Informationen entstehen, haftet allein der Anbieter der Seite, auf welche verwiesen wurde, nicht derjenige, der \u00fcber Links auf die jeweilige Ver\u00f6ffentlichung lediglich verweist.<\/p>\n\n\n\n<p>3. Urheber- und Kennzeichenrecht<br>Der Autor ist bestrebt, in allen Publikationen die Urheberrechte der verwendeten Grafiken, Tondokumente, Videosequenzen und Texte zu beachten, von ihm selbst erstellte Grafiken, Tondokumente, Videosequenzen und Texte zu nutzen oder auf lizenzfreie Grafiken, Tondokumente, Videosequenzen und Texte zur\u00fcckzugreifen. Alle innerhalb des Internetangebotes genannten und ggf. durch Dritte gesch\u00fctzten Marken- und Warenzeichen unterliegen uneingeschr\u00e4nkt den Bestimmungen des jeweils g\u00fcltigen Kennzeichenrechts und den Besitzrechten der jeweiligen eingetragenen Eigent\u00fcmer. Allein aufgrund der blo\u00dfen Nennung ist nicht der Schlu\u00df zu ziehen, dass Markenzeichen nicht durch Rechte Dritter gesch\u00fctzt sind! Das Copyright f\u00fcr ver\u00f6ffentlichte, vom Autor selbst erstellte Objekte bleibt allein beim Autor der Seiten. Eine Vervielf\u00e4ltigung oder Verwendung solcher Grafiken, Tondokumente, Videosequenzen und Texte in anderen elektronischen oder gedruckten Publikationen ist ohne ausdr\u00fcckliche Zustimmung des Autors nicht gestattet.<\/p>\n\n\n\n<p>4. Rechtswirksamkeit dieses Haftungsausschlusses<br>Sofern Teile oder einzelne Formulierungen dieses Textes der geltenden Rechtslage nicht, nicht mehr oder nicht vollst\u00e4ndig entsprechen sollten, bleiben die \u00fcbrigen Teile des Dokumentes in ihrem Inhalt und ihrer G\u00fcltigkeit davon unber\u00fchrt.<\/p>\n\n\n\n<p>\u2014\u2014\u2014\u2014\u2014\u2014\u2014\u2014\u2014\u2014\u2014\u2014\u2014\u2014\u2014\u2014\u2014\u2014\u2014\u2014\u2014\u2014\u2014\u2014\u2014\u2014\u2013<\/p>\n\n\n\n<p>1. Online-contents<br>The author reserves the right not to be responsible for the topicality, correctness, completeness or quality of the information provided. Liability claims regarding damage caused by the use of any information provided, including any kind of information which is incomplete or incorrect, will therefore be rejected. All offers are not-binding and without obligation. Parts of the pages or the complete publication including all offers and information might be extended, changed or partly or completely deleted by the author without separate announcement.<\/p>\n\n\n\n<p>2. Referrals and links<br>The Author is not responsible for any contents linked or referred to from his pages \u2013 unless he has full knowlegde of illegal contents and would be able to prevent the visitors of his site from viewing those pages. If any damage occurs by the use of information presented there, only the author of the respective pages might be liable, not the one who has linked to these pages. Furthermore the author is not liable for any postings or messages published by users of discussion boards, guestbooks or mailinglists provided on his page.<\/p>\n\n\n\n<p>3. Copyright<br>The author intended not to use any copyrighted material for the publication or, if not possible, to indicate the copyright of the respective object. The copyright for any material created by the author is reserved. Any duplication or use of such diagrams, sounds or texts in other electronic or printed publications is not permitted without the author\u2019s agreement.<\/p>\n\n\n\n<p>4. Legal force of this disclaimer<br>If sections or individual formulations of this text are not legal or correct, the content or validity of the other parts remain uninfluenced by this fact.<\/p>\n","protected":false},"excerpt":{"rendered":"<p>Impressum \/ Disclaimer Offenlegung nach \u00a7 25 Mediengesetz Verantwortlich:Zentrum f\u00fcr \u00f6sterreichische und philippinische Kultur und SpracheZVR-Zahl: 841099392Wagramer Stra\u00dfe 221220 Wien Kontakt:Telefon: +43 664 5414570E-Mail: office(at)zentrum-oep.at Vertretungsbefugte Organe:Vorsitzende: Arlene Castaneda T\u00e4tigkeitsbereich:Siehe Ziele\u2026 Richtung der Website (\u201eBlattlinie\u201c):F\u00f6rderung der Ziele des T\u00e4tigkeitsbereiches Haftungsausschluss\/Disclaimer 1. Inhalt des OnlineangebotesDer Verein \u201eZentrum f\u00fcr \u00f6sterreichische und philippinische Kultur und Sprache e.V.\u201c (nachfolgend&hellip; <br \/> <a class=\"read-more\" href=\"http:\/\/kubo22.kubo-austria.com\/?page_id=518\">Read more<\/a><\/p>\n","protected":false},"author":1,"featured_media":0,"parent":0,"menu_order":0,"comment_status":"closed","ping_status":"closed","template":"","meta":{"footnotes":""},"class_list":["post-518","page","type-page","status-publish","hentry"],"_links":{"self":[{"href":"http:\/\/kubo22.kubo-austria.com\/index.php?rest_route=\/wp\/v2\/pages\/518","targetHints":{"allow":["GET"]}}],"collection":[{"href":"http:\/\/kubo22.kubo-austria.com\/index.php?rest_route=\/wp\/v2\/pages"}],"about":[{"href":"http:\/\/kubo22.kubo-austria.com\/index.php?rest_route=\/wp\/v2\/types\/page"}],"author":[{"embeddable":true,"href":"http:\/\/kubo22.kubo-austria.com\/index.php?rest_route=\/wp\/v2\/users\/1"}],"replies":[{"embeddable":true,"href":"http:\/\/kubo22.kubo-austria.com\/index.php?rest_route=%2Fwp%2Fv2%2Fcomments&post=518"}],"version-history":[{"count":1,"href":"http:\/\/kubo22.kubo-austria.com\/index.php?rest_route=\/wp\/v2\/pages\/518\/revisions"}],"predecessor-version":[{"id":519,"href":"http:\/\/kubo22.kubo-austria.com\/index.php?rest_route=\/wp\/v2\/pages\/518\/revisions\/519"}],"wp:attachment":[{"href":"http:\/\/kubo22.kubo-austria.com\/index.php?rest_route=%2Fwp%2Fv2%2Fmedia&parent=518"}],"curies":[{"name":"wp","href":"https:\/\/api.w.org\/{rel}","templated":true}]}}