{"id":565,"date":"2022-02-27T13:22:57","date_gmt":"2022-02-27T12:22:57","guid":{"rendered":"https:\/\/www.kubo-austria.com\/?page_id=565"},"modified":"2023-04-15T23:36:10","modified_gmt":"2023-04-15T21:36:10","slug":"565-2","status":"publish","type":"page","link":"http:\/\/kubo22.kubo-austria.com\/?page_id=565&lang=de","title":{"rendered":"\u00dcber uns"},"content":{"rendered":"<div  data-label=\"Content\" data-id=\"content--1\" data-export-id=\"content-12\" data-category=\"content\" class=\"content-12 content-section content-section-spacing\" id=\"content-1\" style=\"background-color: rgb(35, 36, 37); background-image: none;\"><div  class=\"gridContainer\">  <div  class=\"row center-xs middle-xs\"> <div  class=\"col-sm-9\" data-type=\"column\"> <h2  class=\"\"><span  style=\"color: rgb(237, 208, 80); font-family: Lato, arial, helvetica, sans-serif; font-weight: 900; font-style: italic;\">[DAS LICHT DER EINHEIT IST SO KRAFTVOLL, DASS ES DIE GANZE WELT ERLEUCHTEN KANN.]<\/span><\/h2><p  class=\"\"><span  style=\"font-family: Lato, arial, helvetica, sans-serif;\">\u2013 Baha\u2019U\u2019Llah<\/span><\/p><\/div> <\/div><\/div> <\/div><div  data-label=\"Team\" data-id=\"team--1\" data-export-id=\"team-3\" data-category=\"team\" class=\"team-3 content-section content-section-spacing\" id=\"team-1\" style=\"background-color: rgba(255, 255, 255, 0); background-size: cover; background-position: center top; background-image: url(&quot;http:\/\/kubo22.kubo-austria.com\/wp-content\/uploads\/2022\/02\/lemon_ring.png&quot;);\" https:=\"\" www.kubo-austria.com=\"\" wp-content=\"\" uploads=\"\" 2022=\"\" 02=\"\" lemon_ring.png\");\"=\"\"><div  class=\"gridContainer\"> <div  class=\"row space-bottom text-center\"><div  data-type=\"column\" class=\"section-title-col col-xs-12 col-sm-12\">  <h3  class=\"font-300\"><span  style=\"color: rgb(237, 208, 80);\">F\u00fcr euch da\u2026<\/span><span  id=\"_mce_caret\" data-mce-bogus=\"1\" data-mce-type=\"format-caret\"><span  style=\"color: rgb(237, 208, 80);\"><\/span><\/span><\/h3><h1  class=\"\">MAMA\u2019s LIEBLINGE<\/h1><\/div> <\/div> <div  data-type=\"row\" class=\"row spaced-cols content-center-sm center-sm\"> <div  class=\"col-xs-12 col-sm-6 col-md-3 portfolio-item\"><div  data-hover-fx=\"portfolio-1\" class=\"contentswap-effect visible cs-portfolio-1\"> <div  class=\"initial-image\"> <img decoding=\"async\"  data-size=\"500x500\" src=\"http:\/\/kubo22.kubo-austria.com\/wp-content\/uploads\/2022\/02\/cropped-Ines-Greinstetter-c-Marisel-Bongola.jpg\"><\/div> <div  class=\"overlay\"><\/div> <div  class=\"swap-inner col-xs-12\"> <div  class=\"row full-height-row bottom-xs\"> <div  class=\"col-xs-12 text-center content-holder\"> <h4  class=\"color-white font-500\">Ines Greinstetter<\/h4> <p  class=\"small color-white\" style=\"font-style: italic;\">K\u00d6NIGIN DES ORGANISIERENS, LIEBT ES IN IHRER FREIZEIT GETROCKNETEN FISCH AUF DEM BALKON ZU FRITTIEREN<\/p><\/div> <\/div><\/div> <\/div><\/div><div  class=\"col-xs-12 col-sm-6 col-md-3 portfolio-item\"> <div  data-hover-fx=\"portfolio-1\" class=\"contentswap-effect visible cs-portfolio-1\"> <div  class=\"initial-image\"> <img decoding=\"async\"  data-size=\"500x500\" src=\"http:\/\/kubo22.kubo-austria.com\/wp-content\/uploads\/2022\/07\/Marilyn-682x682-1.jpg\"><\/div> <div  class=\"overlay\"><\/div> <div  class=\"swap-inner col-xs-12\"> <div  class=\"row full-height-row bottom-xs\"> <div  class=\"col-xs-12 text-center content-holder\"> <h4  class=\"color-white font-500\">Marilyn Velasco Magoo<\/h4> <p  class=\"small color-white\" style=\"font-style: italic;\">POWER PINAY, HAT WAHRSCHEINLICH EINE DOPPELG\u00c4NGERIN, UM \u00dcBERALL GLEICHZEITIG ZU ARBEITEN<\/p><\/div> <\/div><\/div> <\/div><\/div>  <div  class=\"col-xs-12 col-sm-6 col-md-3 portfolio-item\"><div  data-hover-fx=\"portfolio-1\" class=\"contentswap-effect visible cs-portfolio-1\"> <div  class=\"initial-image\"> <img decoding=\"async\"  data-size=\"500x500\" src=\"http:\/\/kubo22.kubo-austria.com\/wp-content\/uploads\/2022\/02\/IMG_7824-1-scaled-e1645051682943.jpg\"><\/div> <div  class=\"overlay\"><\/div> <div  class=\"swap-inner col-xs-12\"> <div  class=\"row full-height-row bottom-xs\"> <div  class=\"col-xs-12 text-center content-holder\"> <h4  class=\"color-white font-500\">Gerard Rabara<\/h4> <p  class=\"small color-white\" style=\"font-style: italic;\">PR LADY, DIE OHNE CHILIS NICHT LEBEN KANN UND IN 8 SPRACHEN FLUCHT <\/p><\/div> <\/div><\/div> <\/div><\/div> <div  class=\"col-xs-12 col-sm-6 col-md-3 portfolio-item\"><div  data-hover-fx=\"portfolio-1\" class=\"contentswap-effect visible cs-portfolio-1\"> <div  class=\"initial-image\"> <img decoding=\"async\"  data-size=\"500x500\" src=\"http:\/\/kubo22.kubo-austria.com\/wp-content\/uploads\/2022\/02\/cropped-AC1-scaled-e1645096112335.jpg\"><\/div> <div  class=\"overlay\"><\/div> <div  class=\"swap-inner col-xs-12\"> <div  class=\"row full-height-row bottom-xs\"> <div  class=\"col-xs-12 text-center content-holder\"> <h4  class=\"color-white font-500\">Arlene Casta\u00f1eda<\/h4> <p  class=\"small color-white\" style=\"font-style: italic;\">GLUCKE DES TEAMS UND VERFECHTERIN VON FILIPIN@\u2019s EXZELLENZ<\/p><\/div> <\/div><\/div> <\/div><\/div><div  class=\"col-xs-12 col-sm-6 col-md-3 portfolio-item\"><div  data-hover-fx=\"portfolio-1\" class=\"contentswap-effect visible cs-portfolio-1\"> <div  class=\"initial-image\"> <img decoding=\"async\"  data-size=\"500x500\" src=\"http:\/\/kubo22.kubo-austria.com\/wp-content\/uploads\/2022\/02\/Christian-N.png\"><\/div> <div  class=\"overlay\"><\/div> <div  class=\"swap-inner col-xs-12\"> <div  class=\"row full-height-row bottom-xs\"> <div  class=\"col-xs-12 text-center content-holder\"> <h4  class=\"color-white font-500\">Christian Namiss<\/h4> <p  class=\"small color-white\" style=\"font-style: italic;\">UNSER ADOPTIERTER FILIPINO &amp; TECHNIK GURU, WURDE EINGEFANGEN MIT FILIPINO FOOD <\/p><\/div> <\/div><\/div> <\/div><\/div><div  class=\"col-xs-12 col-sm-6 col-md-3 portfolio-item\"><div  data-hover-fx=\"portfolio-1\" class=\"contentswap-effect visible cs-portfolio-1\"> <div  class=\"initial-image\"> <img decoding=\"async\"  data-size=\"500x500\" src=\"http:\/\/kubo22.kubo-austria.com\/wp-content\/uploads\/2022\/02\/cropped-OSIVE_img_3647-by-Marcus-Weber.jpg\"><\/div> <div  class=\"overlay\"><\/div> <div  class=\"swap-inner col-xs-12\"> <div  class=\"row full-height-row bottom-xs\"> <div  class=\"col-xs-12 text-center content-holder\"> <h4  class=\"color-white font-500\">Oliver Cortez<\/h4> <p  class=\"small color-white\" style=\"font-style: italic;\">WIENER MUSIKER UND REISS\u00dcCHTIG SEIT DEM KINDERGARTEN<\/p><\/div> <\/div><\/div> <\/div><\/div><div  class=\"col-xs-12 col-sm-6 col-md-3 portfolio-item\"><div  data-hover-fx=\"portfolio-1\" class=\"contentswap-effect visible cs-portfolio-1\"> <div  class=\"initial-image\"> <img decoding=\"async\"  data-size=\"500x500\" src=\"http:\/\/kubo22.kubo-austria.com\/wp-content\/uploads\/2022\/08\/Esther_Tidoso.jpeg\"><\/div> <div  class=\"overlay\"><\/div> <div  class=\"swap-inner col-xs-12\"> <div  class=\"row full-height-row bottom-xs\"> <div  class=\"col-xs-12 text-center content-holder\"> <h4  class=\"color-white font-500\">Esther Tidoso<\/h4> <p  class=\"small color-white\" style=\"font-style: italic;\">BLOGGERIN UND EVENTFEE NEBENBEI. OHNE DIE PHILIPPINISCHE POPKULTUR W\u00c4RE ICH NICHT HIER<\/p><\/div> <\/div><\/div> <\/div><\/div><div  class=\"col-xs-12 col-sm-6 col-md-3 portfolio-item\"><div  data-hover-fx=\"portfolio-1\" class=\"contentswap-effect visible cs-portfolio-1\"> <div  class=\"initial-image\"> <img decoding=\"async\"  data-size=\"500x500\" src=\"http:\/\/kubo22.kubo-austria.com\/wp-content\/uploads\/2022\/07\/cropped-Gia-Yebron-Capate-1.jpeg\"><\/div> <div  class=\"overlay\"><\/div> <div  class=\"swap-inner col-xs-12\"> <div  class=\"row full-height-row bottom-xs\"> <div  class=\"col-xs-12 text-center content-holder\"> <h4  class=\"color-white font-500\">Gia Yebron-Capate<\/h4> <p  class=\"small color-white\" style=\"font-style: italic;\">LIEBT AM TAG PARAGRAFEN \u2013 IN DER NACHT PARTIES PLANEN. BEIDES ABER NUR MIT PANSIT BIHON.<\/p><\/div> <\/div><\/div> <\/div><\/div>   <div  class=\"col-xs-12 col-sm-6 col-md-3 portfolio-item\"><div  data-hover-fx=\"portfolio-1\" class=\"contentswap-effect visible cs-portfolio-1\"> <div  class=\"initial-image\"> <img decoding=\"async\"  data-size=\"500x500\" src=\"http:\/\/kubo22.kubo-austria.com\/wp-content\/uploads\/2022\/02\/IMG_9918.jpg\"><\/div> <div  class=\"overlay\"><\/div> <div  class=\"swap-inner col-xs-12\"> <div  class=\"row full-height-row bottom-xs\"> <div  class=\"col-xs-12 text-center content-holder\"> <h4  class=\"color-white font-500\">Ralph Chan<\/h4> <p  class=\"small color-white\" style=\"font-style: italic;\">WIENER AKADEMIKER &amp; BALD DOKTOR DER SOZIOLOGIE<\/p><\/div> <\/div><\/div> <\/div><\/div>  <div  class=\"col-xs-12 col-sm-6 col-md-3 portfolio-item\"><div  data-hover-fx=\"portfolio-1\" class=\"contentswap-effect visible cs-portfolio-1\"> <div  class=\"initial-image\"> <img decoding=\"async\"  data-size=\"500x500\" src=\"http:\/\/kubo22.kubo-austria.com\/wp-content\/uploads\/2022\/07\/cropped-Christel.jpg\"><\/div> <div  class=\"overlay grad-180-transparent-color-black\"><\/div> <div  class=\"swap-inner col-xs-12\"> <div  class=\"row full-height-row bottom-xs\"> <div  class=\"col-xs-12 text-center content-holder\"> <h4  class=\"color-white font-500\">Christel Joy Ga\u00f1o<\/h4> <p  class=\"small color-white\" style=\"font-style: italic;\">LIGAYA APPAREL GR\u00dcNDERIN, SR. ANALYST BEI DELL. MEINE TITOS &amp; TITAS WISSEN NICHTS \u00dcBER LIGAYA APPAREL.<\/p><\/div> <\/div><\/div> <\/div><\/div><\/div><\/div> <\/div><div  data-label=\"About\" data-id=\"about--1\" data-export-id=\"about-text-image\" data-category=\"about\" class=\"about-text-image content-section content-section-spacing content-relative dark-text\" id=\"about-1\" style=\"background-color: rgb(35, 36, 37); background-image: none;\"><div  class=\"gridContainer\"> <div  class=\"row\"><div  class=\"col-sm-6 col-padding-small-xs col-sm-padding-large bg-color5 white-text content-col\" data-type=\"column\"> <h5  class=\"\"><span  style=\"color: rgb(35, 36, 37);\">\u00dcber Sentro<\/span><\/h5>  <p  class=\"\" style=\"text-align: justify;\"><span  style=\"color: rgb(35, 36, 37);\">Sentro ng Kultura at Wika ng Austria at Pilipinas\/Zentrum f\u00fcr \u00f6sterreichische und philippinische Kultur und Sprachen (Sentro) ist ein gemeinn\u00fctziger, nichtstaatlicher und nichtpolitischer Verein. Das Hauptziel ist, die Bedeutung beider Kulturen f\u00fcr die Identit\u00e4t von Kindern und Jugendlichen hervorzuheben. Der Verein wurde 2010 in Wien von <span  style=\"color: rgb(255, 51, 105);\"><a data-mce-href=\"https:\/\/www.zentrum-oep.at\/?p=1613\" href=\"https:\/\/www.zentrum-oep.at?p=1613\" target=\"_blank\" rel=\"noopener\" data-mce-selected=\"inline-boundary\" data-cp-link=\"1\" class=\"\"><span  style=\"font-weight: 500;\">Arlene Casta\u00f1eda<\/span><\/a><\/span> ins Leben gerufen und seitdem von ihr geleitet.\n<\/span><br ><br ><span  style=\"color: rgb(35, 36, 37);\">\nDie Mitglieder von Sentro engagieren sich ehrenamtlich. Sie sind hauptberuflich t\u00e4tig, und dennoch stellen sie ihre Talente und ihre Freizeit zur Verf\u00fcgung, um die Projekte und Aktivit\u00e4ten des Vereins wie Tagalog-Sprachkurse, kulturelle Pr\u00e4sentationen, Vortr\u00e4ge \u00fcber die Philippinen und die philippinische Gemeinschaft in \u00d6sterreich sowie Webinare, Sommercamps und Spendenaktionen zu unterst\u00fctzen.<\/span><\/p><p  class=\"\" style=\"text-align: center;\"><span style=\"color: rgb(35, 36, 37);\" ><a data-mce-href=\"https:\/\/www.zentrum-oep.at\" href=\"https:\/\/www.zentrum-oep.at\" target=\"_blank\" rel=\"noopener\" data-mce-selected=\"inline-boundary\" data-cp-link=\"1\" class=\"\">https:\/\/www.zentrum-oep.at<\/a><\/span><\/p><\/div> <div  class=\"col-sm-6 flexbox-strech center-xs middle-xs no-gutter-col\"><div  class=\"shadow-large overlap-left-large flexbox middle-xs center-xs right-img\" data-bg=\"image\" style=\"background-image: url(&quot;http:\/\/kubo22.kubo-austria.com\/wp-content\/uploads\/2022\/08\/P1050220-scaled.jpg&quot;);\"><\/div><\/div> <\/div><\/div> <\/div>","protected":false},"excerpt":{"rendered":"<p>[DAS LICHT DER EINHEIT IST SO KRAFTVOLL, DASS ES DIE GANZE WELT ERLEUCHTEN KANN.]\u2013 Baha\u2019U\u2019Llah F\u00fcr euch da\u2026MAMA\u2019s LIEBLINGE Ines Greinstetter K\u00d6NIGIN DES ORGANISIERENS, LIEBT ES IN IHRER FREIZEIT GETROCKNETEN FISCH AUF DEM BALKON ZU FRITTIEREN Marilyn Velasco Magoo POWER PINAY, HAT WAHRSCHEINLICH EINE DOPPELG\u00c4NGERIN, UM \u00dcBERALL GLEICHZEITIG ZU ARBEITEN Gerard Rabara PR LADY, DIE&hellip; <br \/> <a class=\"read-more\" href=\"http:\/\/kubo22.kubo-austria.com\/?page_id=565&#038;lang=de\">Read more<\/a><\/p>\n","protected":false},"author":1,"featured_media":0,"parent":0,"menu_order":0,"comment_status":"closed","ping_status":"closed","template":"pro\/page-templates\/full-width-page.php","meta":{"footnotes":""},"class_list":["post-565","page","type-page","status-publish","hentry"],"_links":{"self":[{"href":"http:\/\/kubo22.kubo-austria.com\/index.php?rest_route=\/wp\/v2\/pages\/565","targetHints":{"allow":["GET"]}}],"collection":[{"href":"http:\/\/kubo22.kubo-austria.com\/index.php?rest_route=\/wp\/v2\/pages"}],"about":[{"href":"http:\/\/kubo22.kubo-austria.com\/index.php?rest_route=\/wp\/v2\/types\/page"}],"author":[{"embeddable":true,"href":"http:\/\/kubo22.kubo-austria.com\/index.php?rest_route=\/wp\/v2\/users\/1"}],"replies":[{"embeddable":true,"href":"http:\/\/kubo22.kubo-austria.com\/index.php?rest_route=%2Fwp%2Fv2%2Fcomments&post=565"}],"version-history":[{"count":35,"href":"http:\/\/kubo22.kubo-austria.com\/index.php?rest_route=\/wp\/v2\/pages\/565\/revisions"}],"predecessor-version":[{"id":2569,"href":"http:\/\/kubo22.kubo-austria.com\/index.php?rest_route=\/wp\/v2\/pages\/565\/revisions\/2569"}],"wp:attachment":[{"href":"http:\/\/kubo22.kubo-austria.com\/index.php?rest_route=%2Fwp%2Fv2%2Fmedia&parent=565"}],"curies":[{"name":"wp","href":"https:\/\/api.w.org\/{rel}","templated":true}]}}