{"id":694,"date":"2022-03-18T18:03:23","date_gmt":"2022-03-18T17:03:23","guid":{"rendered":"https:\/\/www.kubo-austria.com\/?page_id=694"},"modified":"2022-08-28T13:31:53","modified_gmt":"2022-08-28T11:31:53","slug":"front-page-deutsch","status":"publish","type":"page","link":"http:\/\/kubo22.kubo-austria.com\/?page_id=694&lang=de","title":{"rendered":"Front Page &#8211; Deutsch"},"content":{"rendered":"<div  data-label=\"KUBO22\" data-id=\"content--6\" data-export-id=\"content-9\" data-category=\"content\" class=\"content-9 content-section content-section-spacing\" id=\"kubo22\" style=\"background-color: rgb(35, 36, 37); background-image: none;\"><div  class=\"gridContainer\"> <div  class=\"row text-center\"><div  class=\"section-title-col\" data-type=\"column\"> <img decoding=\"async\"  class=\"custom-image\" src=\"http:\/\/kubo22.kubo-austria.com\/wp-content\/uploads\/2022\/01\/cropped-cropped-kubo22-logo_blk_square.png\" title=\"cropped-cropped-kubo22-logo_blk_square.png\" alt=\"\"><h2  class=\"\">2.-4. SEPTEMBER<br >\nVHS GROSSFELDSIEDLUNG<\/h2><p  class=\"\" style=\"text-align: center;\">Dieses Jahr hat KUB\u014c seine Premiere mit einer mehrt\u00e4gigen Veranstaltung, bei der gefeiert, entdeckt und verstanden wird, was es f\u00fcr die jungen Kreativen der Diaspora bedeutet, Filipino zu sein. Es zielt darauf ab, einen Raum zu schaffen, um als Community von Freunden, Suchenden und neugierigen Zuschauern zusammenzukommen, um die philippinische Kultur durch Dialog, kreative Zusammenarbeit, k\u00fcnstlerischen Ausdruck und bedeutungsvolle Entdeckungen als globale Pinoy-Familie zu feiern.<br >\n\n<br ><br >\n<\/p><h2  class=\"\"><span  style=\"color: rgb(237, 208, 80);\">WAS DICH IM FESTIVAL ERWARTET!<\/span><\/h2> <\/div> <\/div> <div  class=\"row space-bottom text-center\" data-type=\"row\"> <div  class=\"col-sm-4 col-padding-small\">  <p  class=\"\"><sub ><span  style=\"font-family: Lato, arial, helvetica, sans-serif;\">photo credit \u00a9 Carmela Asistio<\/span><\/sub><span  id=\"_mce_caret\" data-mce-bogus=\"1\" data-mce-type=\"format-caret\"><sub ><span  style=\"font-family: Lato, arial, helvetica, sans-serif;\">\ufeff<\/span><\/sub><\/span><\/p><a data-cp-link=\"1\" href=\"#\" class=\"\" target=\"_self\" rel=\"noopener\"><img decoding=\"async\"  class=\"custom-image\" src=\"http:\/\/kubo22.kubo-austria.com\/wp-content\/uploads\/2022\/01\/kunst-button.png\" title=\"kunst button\" alt=\"\"><\/a><h4  class=\"\"><span  style=\"color: rgb(237, 208, 80);\"><span  style=\"color: rgb(231, 226, 221);\">ART<\/span>\u25aa\ufe0eSINING<\/span><\/h4> <p  class=\"\">Oft ein einzigartiger Ausdruck des Selbst und der Umst\u00e4nde, aber f\u00fcr viele von uns jungen Kreativen in der Diaspora ist es auch ein Kommentar zu unseren K\u00e4mpfen um Zugeh\u00f6rigkeit und Akzeptanz.<\/p><\/div> <div  class=\"col-sm-4 col-padding-small\"> <p  class=\"\"><sub ><span  style=\"font-family: Lato, arial, helvetica, sans-serif;\">photo credit \u00a9 Lawrence Aritao<\/span><\/sub><\/p><a data-cp-link=\"1\" href=\"http:\/\/kubo22.kubo-austria.com?p=1567\" class=\"\" target=\"_self\" rel=\"noopener\"><img decoding=\"async\"  class=\"custom-image\" src=\"http:\/\/kubo22.kubo-austria.com\/wp-content\/uploads\/2022\/02\/kulinarik-button.png\" title=\"kulinarik button\" alt=\"\"><\/a><h4  class=\"\"><span  style=\"color: rgb(237, 208, 80);\"><span  style=\"color: rgb(231, 226, 221);\">CUISINE<\/span>\u25aa\ufe0eKUSINA<\/span><\/h4> <p  class=\"\">Eine wahre Verschmelzung von Aromen, die eine reiche Geschichte eines Volkes erz\u00e4hlen, das vielleicht nicht immer s\u00fc\u00df oder herzhaft ist, aber einen vielf\u00e4ltigen Gaumen an Aromen und Einfl\u00fcssen offenbart, der seinen eigenen ist.<\/p><\/div> <div  class=\"col-sm-4 col-padding-small\"> <p  class=\"\"><span  style=\"font-family: Lato, arial, helvetica, sans-serif;\"><sub ><span  style=\"font-weight: 300;\">photo credit \u00a9 Nathaniel Sison<span  id=\"_mce_caret\" data-mce-bogus=\"1\" data-mce-type=\"format-caret\">\ufeff<\/span><\/span><\/sub><\/span><\/p><img decoding=\"async\"  class=\"custom-image\" src=\"http:\/\/kubo22.kubo-austria.com\/wp-content\/uploads\/2022\/01\/kultur-button-02.png\" title=\"kultur button 02\" alt=\"\"><h4  class=\"\"><span  style=\"color: rgb(237, 208, 80);\"><span  style=\"color: rgb(231, 226, 221);\">CULTURE<\/span>\u25aa\ufe0eKULTURA<\/span><\/h4> <p  class=\"\">Als bleibende Kinder zweier Welten tragen wir eine Kultur, die von hier und dort beeinflusst ist \u2013 unsere Wurzeln und dieser Ort, den wir zu Hause nennen.<\/p><\/div> <\/div> <div  class=\"row center-xs middle-xs\"> <div  class=\"col-sm-12\" data-type=\"column\">  <\/div><\/div> <\/div><\/div><div  data-label=\"Cta\" data-id=\"cta--3\" data-export-id=\"cta-centered-bg-section\" data-category=\"cta\" data-section-ov=\"1\" class=\"cta-centered-bg-section content-section content-section-spacing-medium white-text\" data-parallax-depth=\"20\" id=\"cta-2\" style=\"background-color: rgb(35, 36, 37); background-image: none;\"><div  class=\"gridContainer\"> <div  class=\"row text-center\"><div  data-type=\"column\" class=\"\">  <a class=\"button big color2 dark-text\" href=\"http:\/\/kubo22.kubo-austria.com?page_id=271\" target=\"_self\" data-cp-link=\"1\" data-icon=\"fa-align-justify\" rel=\"noopener\"><span  class=\"button-icon fa fa-align-justify\"><\/span>KUBO22 PROGRAMM<\/a><\/div> <\/div><\/div> <\/div><div  data-label=\"Portfolio\" data-id=\"portfolio--2\" data-export-id=\"portfolio-6\" data-category=\"portfolio\" class=\"portfolio-6 content-section content-section-spacing\" id=\"portfolio-2\" style=\"background-color: rgb(35, 36, 37); background-image: url(&quot;http:\/\/kubo22.kubo-austria.com\/wp-content\/uploads\/2022\/08\/shrine20220719-7-1f1t385-scaled.jpg&quot;); background-size: cover; background-position: center top;\" data-section-ov=\"1\"><div  class=\"gridContainer\">  <div  class=\"row space-bottom spaced-cols\" data-type=\"row\"> <div  class=\"col-xs-12 col-sm-4 text-center col-md-3 \"> <div  class=\"card no-padding \"> <div  data-hover-fx=\"portfolio-5\" class=\"contentswap-effect\"> <div  class=\"initial-image\"> <img decoding=\"async\"  data-size=\"500x333\" src=\"http:\/\/kubo22.kubo-austria.com\/wp-content\/uploads\/2022\/07\/Lisa_Ante.jpg\"><\/div> <div  class=\"overlay bg-color6 bg-color3\"><\/div> <div  class=\"swap-inner col-xs-12\"> <div  class=\"row full-height-row middle-xs middle-sm\"> <div  class=\"col-xs-12 text-center content-holder\"> <a href=\"http:\/\/kubo22.kubo-austria.com?p=1727&amp;lang=de\" target=\"_self\" rel=\"noopener\"><i  class=\"fa icon portfolio-icon fa-search big color1\" aria-hidden=\"true\"><\/i><\/a><\/div> <\/div><\/div> <\/div> <div  class=\"space-bottom space-top col-xs-12\" data-type=\"column\"> <h4  class=\"\">visual storytelling<\/h4> <p  class=\"small italic\">@lisa pangan<\/p><\/div> <\/div><\/div> <div  class=\"col-xs-12 col-sm-4 text-center col-md-3\"> <div  class=\"card no-padding \"> <div  data-hover-fx=\"portfolio-5\" class=\"contentswap-effect\"> <div  class=\"initial-image\"> <img decoding=\"async\"  data-size=\"500x333\" src=\"http:\/\/kubo22.kubo-austria.com\/wp-content\/uploads\/2022\/07\/Aida_Pratsch_02.jpg\"><\/div> <div  class=\"overlay bg-color6 bg-color3\"><\/div> <div  class=\"swap-inner col-xs-12\"> <div  class=\"row full-height-row middle-xs middle-sm\"> <div  class=\"col-xs-12 text-center content-holder\"> <a href=\"#\" target=\"_self\" rel=\"noopener\"><i  class=\"fa icon portfolio-icon fa-search big color1\" aria-hidden=\"true\"><\/i><\/a><\/div> <\/div><\/div> <\/div> <div  class=\"space-bottom space-top col-xs-12\" data-type=\"column\"> <h4  class=\"\">timeless designs<\/h4> <p  class=\"small italic\">@aida pratsch<\/p><\/div> <\/div><\/div> <div  class=\"col-xs-12 col-sm-4 text-center col-md-3 \"><div  class=\"card no-padding \"> <div  data-hover-fx=\"portfolio-5\" class=\"contentswap-effect\"><div  class=\"initial-image\"> <img decoding=\"async\"  data-size=\"500x333\" src=\"http:\/\/kubo22.kubo-austria.com\/wp-content\/uploads\/2022\/07\/folklorico_01-1.jpg\"><\/div> <div  class=\"overlay bg-color6 bg-color3\"><\/div> <div  class=\"swap-inner col-xs-12\"> <div  class=\"row full-height-row middle-xs middle-sm\"> <div  class=\"col-xs-12 text-center content-holder\"> <a href=\"http:\/\/kubo22.kubo-austria.com?p=1456&amp;lang=de\" target=\"_self\" rel=\"noopener\"><i  class=\"fa icon portfolio-icon fa-search big color1\" aria-hidden=\"true\"><\/i><\/a><\/div> <\/div><\/div> <\/div> <div  class=\"space-bottom space-top col-xs-12\" data-type=\"column\"> <h4  class=\"\">pre-colonial traditions<\/h4> <p  class=\"small italic\">@ana maria cruz-langer<\/p><\/div> <\/div><\/div> <div  class=\"col-xs-12 col-sm-4 text-center col-md-3\"> <div  class=\"card no-padding \"> <div  data-hover-fx=\"portfolio-5\" class=\"contentswap-effect\"> <div  class=\"initial-image\"> <img decoding=\"async\"  data-size=\"500x333\" src=\"http:\/\/kubo22.kubo-austria.com\/wp-content\/uploads\/2022\/07\/DJ-Set_Platzhalter.jpg\"><\/div> <div  class=\"overlay bg-color6 bg-color3\"><\/div> <div  class=\"swap-inner col-xs-12\"> <div  class=\"row full-height-row middle-xs middle-sm\"> <div  class=\"col-xs-12 text-center content-holder\"> <a href=\"#\" target=\"_self\" rel=\"noopener\"><i  class=\"fa icon portfolio-icon fa-search big color1\" aria-hidden=\"true\"><\/i><\/a><\/div> <\/div><\/div> <\/div> <div  class=\"space-bottom space-top col-xs-12\" data-type=\"column\"> <h4  class=\"\">incredible beats<\/h4> <p  class=\"small italic\">@dj johanna &amp; olinclusive<\/p><\/div> <\/div><\/div><div  class=\"col-xs-12 col-sm-4 text-center col-md-3 \"><div  class=\"card no-padding \"> <div  data-hover-fx=\"portfolio-5\" class=\"contentswap-effect\"><div  class=\"initial-image\"> <img decoding=\"async\"  data-size=\"500x333\" src=\"http:\/\/kubo22.kubo-austria.com\/wp-content\/uploads\/2022\/07\/Anna_Yacat.jpg\"><\/div> <div  class=\"overlay bg-color6 bg-color3\"><\/div> <div  class=\"swap-inner col-xs-12\"> <div  class=\"row full-height-row middle-xs middle-sm\"> <div  class=\"col-xs-12 text-center content-holder\"> <a href=\"#\" target=\"_self\" rel=\"noopener\"><i  class=\"fa icon portfolio-icon fa-search big color1\" aria-hidden=\"true\"><\/i><\/a><\/div> <\/div><\/div> <\/div> <div  class=\"space-bottom space-top col-xs-12\" data-type=\"column\"> <h4  class=\"\">contemporary art<\/h4> <p  class=\"small italic\">@anna yacat<\/p><\/div> <\/div><\/div><div  class=\"col-xs-12 col-sm-4 text-center col-md-3\"> <div  class=\"card no-padding \"> <div  data-hover-fx=\"portfolio-5\" class=\"contentswap-effect\"> <div  class=\"initial-image\"> <img decoding=\"async\"  data-size=\"500x333\" src=\"http:\/\/kubo22.kubo-austria.com\/wp-content\/uploads\/2022\/07\/Panel_Discussions_Platzhalter.jpg\"><\/div> <div  class=\"overlay bg-color6 bg-color3\"><\/div> <div  class=\"swap-inner col-xs-12\"> <div  class=\"row full-height-row middle-xs middle-sm\"> <div  class=\"col-xs-12 text-center content-holder\"> <a href=\"#\" target=\"_self\" rel=\"noopener\"><i  class=\"fa icon portfolio-icon fa-search big color1\" aria-hidden=\"true\"><\/i><\/a><\/div> <\/div><\/div> <\/div> <div  class=\"space-bottom space-top col-xs-12\" data-type=\"column\"> <h4  class=\"\">important conversations<\/h4> <p  class=\"small italic\">@sentro<\/p><\/div> <\/div><\/div><div  class=\"col-xs-12 col-sm-4 text-center col-md-3\"> <div  class=\"card no-padding \"> <div  data-hover-fx=\"portfolio-5\" class=\"contentswap-effect\"> <div  class=\"initial-image\"> <img decoding=\"async\"  data-size=\"500x333\" src=\"http:\/\/kubo22.kubo-austria.com\/wp-content\/uploads\/2022\/08\/loreleispan.jpg\"><\/div> <div  class=\"overlay bg-color6 bg-color3\"><\/div> <div  class=\"swap-inner col-xs-12\"> <div  class=\"row full-height-row middle-xs middle-sm\"> <div  class=\"col-xs-12 text-center content-holder\"> <a href=\"http:\/\/kubo22.kubo-austria.com?p=1567\" target=\"_self\" rel=\"noopener\"><i  class=\"fa icon portfolio-icon fa-search big color1\" aria-hidden=\"true\"><\/i><\/a><\/div> <\/div><\/div> <\/div> <div  class=\"space-bottom space-top col-xs-12\" data-type=\"column\"> <h4  class=\"\">familiar flavours<\/h4> <p  class=\"small italic\">@loreleis pan<\/p><\/div> <\/div><\/div><div  class=\"col-xs-12 col-sm-4 text-center col-md-3\"> <div  class=\"card no-padding \"> <div  data-hover-fx=\"portfolio-5\" class=\"contentswap-effect\"> <div  class=\"initial-image\"> <img decoding=\"async\"  data-size=\"500x333\" src=\"http:\/\/kubo22.kubo-austria.com\/wp-content\/uploads\/2022\/08\/power.jpg\"><\/div> <div  class=\"overlay bg-color6 bg-color3\"><\/div> <div  class=\"swap-inner col-xs-12\"> <div  class=\"row full-height-row middle-xs middle-sm\"> <div  class=\"col-xs-12 text-center content-holder\"> <a href=\"http:\/\/kubo22.kubo-austria.com?p=1742&amp;lang=de\" target=\"_self\" rel=\"noopener\"><i  class=\"fa icon portfolio-icon fa-search big color1\" aria-hidden=\"true\"><\/i><\/a><\/div> <\/div><\/div> <\/div> <div  class=\"space-bottom space-top col-xs-12\" data-type=\"column\"> <h4  class=\"\">vibrant movements<\/h4> <p  class=\"small italic\">@ivan frank olea<\/p><\/div> <\/div><\/div><\/div> <div  class=\"row\"> <div  data-type=\"column\" class=\"col-xs-12 text-center\"> <\/div> <\/div><\/div> <\/div><div  data-label=\"Cta\" data-id=\"cta--2\" data-export-id=\"cta-centered-bg-section\" data-category=\"cta\" data-section-ov=\"1\" class=\"cta-centered-bg-section content-section content-section-spacing-medium white-text\" data-parallax-depth=\"20\" id=\"cta-1\" style=\"background-color: rgb(35, 36, 37); background-image: none;\"><div  class=\"gridContainer\"> <div  class=\"row text-center\"><div  data-type=\"column\" class=\"\"> <h2  class=\"\">Feier mit uns! <span  class=\"font-300\">Sei dabei!<\/span><\/h2> <a class=\"button big color2 dark-text\" href=\"http:\/\/kubo22.kubo-austria.com?p=1\" target=\"_self\" data-cp-link=\"1\" data-icon=\"fa-ticket\" rel=\"noopener\"><span  class=\"button-icon fa fa-ticket\"><\/span>TICKETS<\/a><\/div> <\/div><\/div> <\/div><div  data-label=\"Pricing\" data-id=\"pricing--1\" data-export-id=\"pricing-1\" data-category=\"pricing\" data-featured-class=\"pricing-featured\" class=\"pricing-1 content-section content-section-spacing\" id=\"pricing-1\" style=\"background-color: rgb(35, 36, 37); background-image: none;\" data-section-ov=\"1\"><div  class=\"gridContainer\">  <div  data-type=\"row\" class=\"row spaced-cols\"> <div  class=\"col-xs-12 col-sm-6 col-md-3 text-center \"> <div  class=\"card shadow-small rounded\" data-default=\"shadow-small\" data-featured=\"shadow-large\" data-type=\"column\"> <h3  class=\"font-300 upper\"><span  style=\"font-weight: 900;\">KINDER<\/span><\/h3> <h3  class=\"h1\">0 \u20ac<\/h3>   <p  class=\"\"><span  style=\"color: rgb(255, 255, 255);\">Bis zu 11 Jahren\n<\/span><br ><span  id=\"_mce_caret\" data-mce-bogus=\"1\" data-mce-type=\"format-caret\"><span  style=\"color: rgb(35, 36, 37);\">\ufeff<\/span><\/span><span  style=\"color: rgb(35, 36, 37);\"><span  id=\"_mce_caret\" data-mce-bogus=\"1\" data-mce-type=\"format-caret\">\ufeff<\/span>\u2026\n<\/span><br ><span  style=\"color: rgb(35, 36, 37);\">\u2026<\/span><\/p><\/div> <\/div> <div  class=\"col-xs-12 col-sm-6 col-md-3 text-center\"> <div  class=\"card rounded shadow-small\" data-default=\"shadow-small\" data-featured=\"shadow-large\" data-type=\"column\"> <h3  class=\"font-300 upper\"><span  style=\"font-weight: 900;\">JUGENDLICHE<\/span><\/h3> <h3  class=\"h1\">50%<\/h3>   <p  class=\"\"><span  style=\"color: rgb(255, 255, 255);\">Bis 18 Jahre\n<\/span><br ><span  style=\"color: rgb(35, 36, 37);\">\u2026\n<\/span><br ><span  style=\"color: rgb(35, 36, 37);\">\u2026<\/span><\/p><\/div> <\/div> <div  class=\"col-xs-12 col-sm-6 col-md-3 text-center \"> <div  class=\"card shadow-small rounded\" data-default=\"shadow-small\" data-featured=\"shadow-large\" data-type=\"column\"> <h3  class=\"font-300 upper\"><span  style=\"font-weight: 900;\">TAGESTICKET<\/span><\/h3> <h3  class=\"h1\">6 \u20ac<\/h3>   <p  class=\"\"><span  style=\"color: rgb(255, 255, 255);\">G\u00fcltig f\u00fcr einen Tag,\n<\/span><br ><span  style=\"color: rgb(255, 255, 255);\">Preis nur online verf\u00fcgbar,\n<\/span><br ><span  style=\"color: rgb(255, 255, 255);\">an<span  id=\"_mce_caret\" data-mce-bogus=\"1\" data-mce-type=\"format-caret\">\ufeff<\/span> der Tageskassa <span  style=\"font-weight: 600;\">8 \u20ac<\/span><\/span><span  id=\"_mce_caret\" data-mce-bogus=\"1\" data-mce-type=\"format-caret\"><span  style=\"color: rgb(255, 255, 255);\">\ufeff<\/span><\/span><\/p><\/div> <\/div> <div  class=\"col-xs-12 col-sm-6 col-md-3 text-center pricing-featured\"> <div  class=\"card rounded shadow-large\" data-default=\"shadow-small\" data-featured=\"shadow-large\" data-type=\"column\"> <h3  class=\"font-300 upper\"><span  style=\"font-weight: 900;\">FESTIVAL-PASS<\/span><\/h3> <h3  class=\"h1\">12 \u20ac<\/h3>   <p  class=\"\"><span  style=\"color: rgb(255, 255, 255);\">G\u00fcltig f\u00fcr alle Tage,<\/span><br ><span  style=\"color: rgb(255, 255, 255);\">\nPreis <span  id=\"_mce_caret\" data-mce-bogus=\"1\" data-mce-type=\"format-caret\">\ufeff<\/span>nur online verf\u00fcgbar,<\/span><br ><span  style=\"color: rgb(255, 255, 255);\">\nan der<span  id=\"_mce_caret\" data-mce-bogus=\"1\" data-mce-type=\"format-caret\">\ufeff<\/span> Tageskassa <span  style=\"font-weight: 600;\">15 \u20ac<\/span><\/span><\/p><\/div> <\/div><\/div> <\/div><\/div><div  data-label=\"Open Call\" data-id=\"cta--1\" data-export-id=\"cta-centered-bg-section\" data-category=\"cta\" data-section-ov=\"1\" class=\"cta-centered-bg-section content-section content-section-spacing-medium white-text\" data-parallax-depth=\"20\" id=\"open-call\" style=\"background-color: rgb(255, 255, 255); background-image: url(&quot;http:\/\/kubo22.kubo-austria.com\/wp-content\/uploads\/2022\/02\/DSC_0182_irgendwas.png&quot;); background-size: cover; background-position: center top;\" https:=\"\" www.kubo-austria.com=\"\" wp-content=\"\" uploads=\"\" 2022=\"\" 02=\"\" dsc_0182_irgendwas.png\");=\"\" background-size:=\"\" cover;=\"\" background-position:=\"\" center=\"\" top;\"=\"\"><div  class=\"gridContainer\"> <div  class=\"row text-center\"><div  data-type=\"column\" class=\"\">  <h2  class=\"\"><span  style=\"color: rgb(237, 208, 80);\">Wir suchen Volont\u00e4re!<\/span><span  id=\"_mce_caret\" data-mce-bogus=\"1\" data-mce-type=\"format-caret\"><span  style=\"color: rgb(237, 208, 80);\">\ufeff<\/span><\/span><\/h2><p  class=\"lead\">Wir suchen Dich!<\/p><p  class=\"\">Werde Teil des KUBO-Teams und erlebe das erste philippinische Kunst- und Kulturfestival hautnah mit!<br >\nMelde dich bei uns!<\/p><a class=\"button color2 dark-text\" href=\"http:\/\/kubo22.kubo-austria.com?page_id=1004&amp;lang=de\" target=\"_blank\" data-cp-link=\"1\" data-icon=\"\" rel=\"noopener\">ICH BIN DABEI!<\/a><p  class=\"\"><sub ><span  style=\"font-family: Lato, arial, helvetica, sans-serif;\">photo credit: \u00a9 Apollo Ikan<\/span><\/sub><\/p><\/div> <\/div><\/div> <\/div><div  data-label=\"About\" data-id=\"content--1\" data-export-id=\"content-12\" data-category=\"content\" class=\"content-12 content-section content-section-spacing white-text\" id=\"about\" style=\"background-color: rgb(35, 36, 37); background-image: none;\"><div  class=\"gridContainer\">  <div  class=\"row center-xs middle-xs\"> <div  class=\"col-sm-9\" data-type=\"column\"><h5  class=\"\"><span  style=\"color: rgb(237, 208, 80); font-family: Hind, arial, helvetica, sans-serif; font-weight: 700;\">WAS IST KUB\u014c?<\/span><\/h5><img decoding=\"async\"  class=\"custom-image\" src=\"http:\/\/kubo22.kubo-austria.com\/wp-content\/uploads\/2022\/01\/cropped-cropped-kubo-kultur-bayanihan.png\" title=\"cropped-cropped-kubo-kultur-bayanihan.png\" alt=\"\"> <p  class=\"\" style=\"text-align: center;\">Eine Versammlung von K\u00f6pfen, Talenten und Herzen, vereint mit dem Wunsch, einen sicheren Raum zu schaffen, um das Filipino in der Diaspora durch kreativen Ausdruck zu entdecken, zu untersuchen und zu feiern. KUB\u014c, benannt nach der traditionellen philippinischen H\u00fctte, m\u00f6chte eine Plattform, ein Podium und einen Raum f\u00fcr Zusammenarbeit, Partnerschaft und ein <i >Salo-Salo<\/i> zwischen Organisationen, Gemeinschaften, Community-Leadern, Freunden, Suchenden und neugierigen Zuschauern der philippinischen Kultur in \u00d6sterreich und dar\u00fcber hinaus bieten .\n<br ><br >\nKUB\u014c ist eine Gemeinschaft, die in Wien, \u00d6sterreich, von Sentro und jungen philippinischen \u00d6sterreichern gegr\u00fcndet wurde, die durch die Kraft von Kunst und Kultur eine Br\u00fccke zwischen ihren Wurzeln und ihrem Heimatland bauen wollen.<\/p><\/div> <\/div><\/div> <\/div>","protected":false},"excerpt":{"rendered":"<p>2.-4. SEPTEMBER VHS GROSSFELDSIEDLUNGDieses Jahr hat KUB\u014c seine Premiere mit einer mehrt\u00e4gigen Veranstaltung, bei der gefeiert, entdeckt und verstanden wird, was es f\u00fcr die jungen Kreativen der Diaspora bedeutet, Filipino zu sein. Es zielt darauf ab, einen Raum zu schaffen, um als Community von Freunden, Suchenden und neugierigen Zuschauern zusammenzukommen, um die philippinische Kultur durch&hellip; <br \/> <a class=\"read-more\" href=\"http:\/\/kubo22.kubo-austria.com\/?page_id=694&#038;lang=de\">Read more<\/a><\/p>\n","protected":false},"author":3,"featured_media":0,"parent":0,"menu_order":0,"comment_status":"closed","ping_status":"closed","template":"page-templates\/homepage.php","meta":{"footnotes":""},"class_list":["post-694","page","type-page","status-publish","hentry"],"_links":{"self":[{"href":"http:\/\/kubo22.kubo-austria.com\/index.php?rest_route=\/wp\/v2\/pages\/694","targetHints":{"allow":["GET"]}}],"collection":[{"href":"http:\/\/kubo22.kubo-austria.com\/index.php?rest_route=\/wp\/v2\/pages"}],"about":[{"href":"http:\/\/kubo22.kubo-austria.com\/index.php?rest_route=\/wp\/v2\/types\/page"}],"author":[{"embeddable":true,"href":"http:\/\/kubo22.kubo-austria.com\/index.php?rest_route=\/wp\/v2\/users\/3"}],"replies":[{"embeddable":true,"href":"http:\/\/kubo22.kubo-austria.com\/index.php?rest_route=%2Fwp%2Fv2%2Fcomments&post=694"}],"version-history":[{"count":59,"href":"http:\/\/kubo22.kubo-austria.com\/index.php?rest_route=\/wp\/v2\/pages\/694\/revisions"}],"predecessor-version":[{"id":1965,"href":"http:\/\/kubo22.kubo-austria.com\/index.php?rest_route=\/wp\/v2\/pages\/694\/revisions\/1965"}],"wp:attachment":[{"href":"http:\/\/kubo22.kubo-austria.com\/index.php?rest_route=%2Fwp%2Fv2%2Fmedia&parent=694"}],"curies":[{"name":"wp","href":"https:\/\/api.w.org\/{rel}","templated":true}]}}