{"id":723,"date":"2022-03-20T19:50:16","date_gmt":"2022-03-20T18:50:16","guid":{"rendered":"https:\/\/www.kubo-austria.com\/?page_id=723"},"modified":"2022-03-20T19:56:47","modified_gmt":"2022-03-20T18:56:47","slug":"datenschutzerklaerung","status":"publish","type":"page","link":"http:\/\/kubo22.kubo-austria.com\/?page_id=723&lang=de","title":{"rendered":"Datenschutzerkl\u00e4rung"},"content":{"rendered":"\n<h1 class=\"wp-block-heading\" id=\"privacy-statement\">Datenschutzerkl\u00e4rung<\/h1>\n\n\n\n<p>Der verantwortungsvolle Umgang mit personenbezogenen Daten hat f\u00fcr Kubo Austria Priorit\u00e4t. Wir m\u00f6chten, dass Sie wissen, welche Daten wir sammeln und wie wir sie verwenden.<\/p>\n\n\n\n<p>Wir haben technische und organisatorische Ma\u00dfnahmen getroffen, die sicherstellen, dass die Vorschriften \u00fcber den Datenschutz sowohl von uns als auch von unseren externen Dienstleistern beachtet werden.<\/p>\n\n\n\n<p>Durch die Weiterentwicklung unserer Webseite und die Implementierung neuer Technologien k\u00f6nnen sich \u00c4nderungen an unserer Datenschutzerkl\u00e4rung ergeben. Wir empfehlen Ihnen daher, diese Datenschutzerkl\u00e4rung von Zeit zu Zeit erneut zu lesen.<\/p>\n\n\n\n<h2 class=\"wp-block-heading\" id=\"legal-basis\">Rechtliche Grundlagen<\/h2>\n\n\n\n<p>Die Kubo Austria-Webseite unterliegt den Bestimmungen der <a rel=\"noreferrer noopener\" href=\"https:\/\/eur-lex.europa.eu\/legal-content\/DE\/ALL\/?uri=CELEX%3A32016R0679\" target=\"_blank\">Verordnung (EU) 2016\/679 des Europ\u00e4ischen Parlaments und des Rates vom 27. April 2016 zum Schutz nat\u00fcrlicher Personen bei der Verarbeitung personenbezogener Daten, zum freien Datenverkehr und zur Aufhebung der Richtlinie 95\/46\/EG (DSGVO)<\/a> sowie den Bestimmungen des <a rel=\"noreferrer noopener\" href=\"http:\/\/kubo22.ris.bka.gv.at\/GeltendeFassung.wxe?Abfrage=Bundesnormen&amp;Gesetzesnummer=10001597&amp;FassungVom=2018-05-25\" data-type=\"URL\" data-id=\"http:\/\/kubo22.ris.bka.gv.at\/GeltendeFassung.wxe?Abfrage=Bundesnormen&amp;Gesetzesnummer=10001597&amp;FassungVom=2018-05-25\" target=\"_blank\">Datenschutzgesetzes in der Fassung vom 25. Mai 2018 (D<\/a>SG) in der Fassung des Datenschutznovellengesetzes.<\/p>\n\n\n\n<p>Kubo Austria ist der &#8222;Verantwortliche&#8220; (\u201cAuftraggeber\u201d) f\u00fcr Ihre Daten im Sinne des DSG 2000 und der &#8222;Verantwortliche&#8220; im Sinne des DSG und der DSGVO.<\/p>\n\n\n\n<h2 class=\"wp-block-heading\" id=\"personal-data-that-you-disclose-to-us\">Pers\u00f6nliche Daten, die Sie uns zur Verf\u00fcgung stellen<\/h2>\n\n\n\n<p>Alle Daten, die Sie uns \u00fcber Online-Formulare oder per E-Mail zur Verf\u00fcgung stellen (z. B. bei der Nutzung des Kontaktformulars, bei der Anmeldung zu unserem Newsletter oder zu Veranstaltungen und bei der Beantwortung von Fragen), werden von uns verantwortungsvoll behandelt und ausschlie\u00dflich in \u00dcbereinstimmung mit und f\u00fcr die Zwecke dieser Anwendung verwendet. Es liegt in Ihrem Ermessen, ob Sie diese Daten mit uns teilen m\u00f6chten. Entsprechende Informationen zum Datenschutz finden Sie auf der jeweiligen Website oder Anwendung.<\/p>\n\n\n\n<p>Wenn Sie Informationsmaterial, Brosch\u00fcren oder Produkte bestellen, werden Sie um die Angabe Ihres Namens und anderer pers\u00f6nlicher Daten gebeten. Es liegt in Ihrem Ermessen, ob Sie diese Daten mit uns teilen m\u00f6chten. Die von Ihnen im Rahmen einer Bestellung angegebenen pers\u00f6nlichen Daten werden nur zur Abwicklung der Bestellung verwendet. Dazu geh\u00f6rt auch die Weitergabe der Daten an von Kubo Austria beauftragte Distributoren.<\/p>\n\n\n\n<p>Alle anderen Anfragen, die Sie an Kubo Austria richten, werden unter Beachtung der geltenden Aufbewahrungsfristen f\u00fcr Schriftgut in Papierform oder in elektronischer Form gespeichert. Wir verwenden Ihre Daten nur f\u00fcr die Zwecke der direkten Korrespondenz mit Ihnen.<\/p>\n\n\n\n<h2 class=\"wp-block-heading\" id=\"publication-of-information-containing-personal-data\">Ver\u00f6ffentlichung von Informationen mit personenbezogenen Daten<\/h2>\n\n\n\n<p>Personenbezogene Daten (z. B. Angaben zu Mitgliedern von Mitgliedern der Gruppe oder Sentro und\/oder von Arbeitsgruppen) werden auf der Informationsseite der Website von Kubo Austria ver\u00f6ffentlicht, sofern die betroffenen Personen ihre ausdr\u00fcckliche Zustimmung erteilen, um eine Vernetzung und Kontaktaufnahme zu erm\u00f6glichen.<br>Die Ver\u00f6ffentlichung personenbezogener Daten in Nachrichtenmedien erfolgt im \u00f6ffentlichen Interesse und auf der Rechtsgrundlage von Artikel 6, Abs 1(e) der DSGVO.<\/p>\n\n\n\n<h2 class=\"wp-block-heading\" id=\"server-logs\">Server logs &#8211; Serverprotokolle<\/h2>\n\n\n\n<p>Bei jedem Zugriff auf die Website von Kubo Austria werden f\u00fcr einen begrenzten Zeitraum (30 Tage) folgende Daten in einer Protokolldatei (Server-Log) gespeichert:<\/p>\n\n\n\n<ul class=\"wp-block-list\"><li>Ihre IP-Adresse,<\/li><li>Einzelheiten der Anfrage und die Zieladresse,<\/li><li>Name der angeforderten Datei und Umfang der \u00fcbertragenen Daten,<\/li><li>Datum und Uhrzeit der Serveranfrage,<\/li><li>einen Bericht dar\u00fcber, ob die Anfrage erfolgreich war,<\/li><li>Bearbeitungszeit der Anfrage,<\/li><li>der verwendete Browser bzw. Client,<\/li><li>Verlinkung auf anderer Webseite (Ursprung der Anfrage),<\/li><li>http Protokollversion<\/li><li>http Methode<\/li><\/ul>\n\n\n\n<p>Diese Daten werden ausschlie\u00dflich zur \u00dcberpr\u00fcfung der Systemsicherheit verwendet. Eine Auswertung der personenbezogenen Daten oder die Erstellung von Nutzerprofilen findet nicht statt.<\/p>\n\n\n\n<p>Wir behalten uns jedoch das Recht vor, Ihre IP-Adresse im Falle eines Angriffs auf die Netzinfrastruktur von Kubo Austria zu analysieren.<\/p>\n\n\n\n<h2 class=\"wp-block-heading\" id=\"cookies\">Cookies<\/h2>\n\n\n\n<p>Cookies sind kleine Textdateien, die auf Ihrem Computer gespeichert werden und es der Website erm\u00f6glichen, Ihr Ger\u00e4t zu erkennen, wenn Sie die Seite in Zukunft wieder besuchen. Die in Cookies enthaltenen Informationen werden zur Verwaltung von Web-Sitzungen verwendet. Sie werden auch verwendet, um die Sicherheit unserer Anwendungen zu erh\u00f6hen und sie anpassungsf\u00e4higer und benutzerfreundlicher zu machen. So k\u00f6nnen wir die Benutzerfreundlichkeit unserer Website optimieren. In den Cookies, die auf unserer Website verwendet werden, werden keine personenbezogenen Daten gespeichert.<\/p>\n\n\n\n<p>Sie k\u00f6nnen Cookies deaktivieren, indem Sie die Einstellungen in Ihrem Browser \u00e4ndern. Sollten Sie sich daf\u00fcr entscheiden, Cookies zu blockieren, hat dies keine Auswirkungen auf Ihre allgemeine F\u00e4higkeit, unsere Website zu nutzen.<\/p>\n\n\n\n<h2 class=\"wp-block-heading\" id=\"user-profiles\">Benutzerprofile<\/h2>\n\n\n\n<p>Auf dieser Website werden keine pers\u00f6nlich identifizierbaren Nutzerprofile erstellt.<\/p>\n\n\n\n<h2 class=\"wp-block-heading\" id=\"disclosure-of-personal-data-to-third-parties\">Weitergabe von personenbezogenen Daten an Dritte<\/h2>\n\n\n\n<p>Daten, die beim Zugriff auf das Internetangebot von Kubo Austria protokolliert worden sind, werden an Dritte nur \u00fcbermittelt, soweit wir gesetzlich oder durch Gerichtsentscheidung dazu verpflichtet sind oder die Weitergabe im Falle von Angriffen auf die Rechner und die Webinfrastruktur von IONOS zur Rechts- oder Strafverfolgung erforderlich ist.<\/p>\n\n\n\n<p>Personenbezogene Daten, die bei der Bestellung von Informationsmaterial, Brosch\u00fcren oder Produkten angegeben werden, werden nur innerhalb von Kubo Austria zur Abwicklung der Bestellung verwendet.<\/p>\n\n\n\n<p>Diese Informationen werden ohne die ausdr\u00fcckliche Zustimmung des Nutzers nicht an Dritte zu kommerziellen oder nichtkommerziellen Zwecken weitergegeben.<\/p>\n\n\n\n<h2 class=\"wp-block-heading\" id=\"protection-of-minors\">Schutz von Minderj\u00e4hrigen<\/h2>\n\n\n\n<p>Personen unter 14 Jahren sollten ohne Zustimmung der Eltern oder Erziehungsberechtigten keine personenbezogenen Daten an Websites \u00fcbermitteln. Wir fordern keine personenbezogenen Daten von Kindern und Jugendlichen an. Wissentlich sammeln wir solche Daten nicht und geben sie auch nicht an Dritte weiter.<\/p>\n\n\n\n<h2 class=\"wp-block-heading\" id=\"social-media-privacy-policy\">Datenschutzerkl\u00e4rung f\u00fcr soziale Medien<\/h2>\n\n\n\n<p>Die anhaltende Diskussion um den Datenschutz in sozialen Netzwerken ist ein Thema, das Kubo Austria sehr ernst nimmt. Derzeit gibt es keine klare Rechtslage, ob und inwieweit alle Dienste der sozialen Netzwerke den europ\u00e4ischen Datenschutzbestimmungen entsprechen.<\/p>\n\n\n\n<p>Wir weisen daher ausdr\u00fccklich darauf hin, dass die vom Kubo \u00d6sterreich genutzten zuk\u00fcnftigen Dienste wie Twitter, Facebook, Instagram und YouTube Daten der NutzerInnen (z.B. personenbezogene Daten, IP-Adresse) wie in deren Datenschutzbestimmungen beschrieben erheben, speichern und f\u00fcr kommerzielle Zwecke nutzen.<\/p>\n\n\n\n<p>Kubo Austria hat keinen Einfluss auf die Erhebung und Verwendung von Daten durch soziale Netzwerke. Er hat keine Kenntnis \u00fcber den Umfang, den Ort und die Dauer der Datenspeicherung sowie dar\u00fcber, inwieweit die Netzwerke bestehenden L\u00f6schungspflichten nachkommen, wie die Daten ausgewertet oder verkn\u00fcpft werden und an wen die Daten weitergegeben werden.<\/p>\n\n\n\n<h2 class=\"wp-block-heading\" id=\"links-to-third-party-websites\">Links zu Webseiten Dritter<\/h2>\n\n\n\n<p>Unsere Website enth\u00e4lt Links zu Webseiten Dritter. Wir haben keinen Einfluss darauf, dass diese Anbieter die Datenschutzbestimmungen einhalten.<\/p>\n\n\n\n<h2 class=\"wp-block-heading\" id=\"your-rights\">Ihre Rechte<\/h2>\n\n\n\n<p>Sie haben die grundlegenden Rechte auf Auskunft, Berichtigung, L\u00f6schung, Einschr\u00e4nkung, Daten\u00fcbertragbarkeit, Widerruf der Einwilligung und Widerspruch. Wenn Sie der Meinung sind, dass die Verarbeitung Ihrer Daten gegen das Datenschutzrecht verst\u00f6\u00dft oder dass Ihre datenschutzrechtlichen Rechte in anderer Weise verletzt wurden, k\u00f6nnen Sie eine Beschwerde bei der Aufsichtsbeh\u00f6rde einreichen. In \u00d6sterreich ist dies die <a href=\"http:\/\/kubo22.data-protection-authority.gv.at\/\" data-type=\"URL\" data-id=\"http:\/\/kubo22.data-protection-authority.gv.at\/\" target=\"_blank\" rel=\"noreferrer noopener\">Datenschutzbeh\u00f6rde<\/a>.<\/p>\n","protected":false},"excerpt":{"rendered":"<p>Datenschutzerkl\u00e4rung Der verantwortungsvolle Umgang mit personenbezogenen Daten hat f\u00fcr Kubo Austria Priorit\u00e4t. Wir m\u00f6chten, dass Sie wissen, welche Daten wir sammeln und wie wir sie verwenden. Wir haben technische und organisatorische Ma\u00dfnahmen getroffen, die sicherstellen, dass die Vorschriften \u00fcber den Datenschutz sowohl von uns als auch von unseren externen Dienstleistern beachtet werden. Durch die Weiterentwicklung&hellip; <br \/> <a class=\"read-more\" href=\"http:\/\/kubo22.kubo-austria.com\/?page_id=723&#038;lang=de\">Read more<\/a><\/p>\n","protected":false},"author":1,"featured_media":0,"parent":0,"menu_order":0,"comment_status":"closed","ping_status":"closed","template":"","meta":{"footnotes":""},"class_list":["post-723","page","type-page","status-publish","hentry"],"_links":{"self":[{"href":"http:\/\/kubo22.kubo-austria.com\/index.php?rest_route=\/wp\/v2\/pages\/723","targetHints":{"allow":["GET"]}}],"collection":[{"href":"http:\/\/kubo22.kubo-austria.com\/index.php?rest_route=\/wp\/v2\/pages"}],"about":[{"href":"http:\/\/kubo22.kubo-austria.com\/index.php?rest_route=\/wp\/v2\/types\/page"}],"author":[{"embeddable":true,"href":"http:\/\/kubo22.kubo-austria.com\/index.php?rest_route=\/wp\/v2\/users\/1"}],"replies":[{"embeddable":true,"href":"http:\/\/kubo22.kubo-austria.com\/index.php?rest_route=%2Fwp%2Fv2%2Fcomments&post=723"}],"version-history":[{"count":4,"href":"http:\/\/kubo22.kubo-austria.com\/index.php?rest_route=\/wp\/v2\/pages\/723\/revisions"}],"predecessor-version":[{"id":728,"href":"http:\/\/kubo22.kubo-austria.com\/index.php?rest_route=\/wp\/v2\/pages\/723\/revisions\/728"}],"wp:attachment":[{"href":"http:\/\/kubo22.kubo-austria.com\/index.php?rest_route=%2Fwp%2Fv2%2Fmedia&parent=723"}],"curies":[{"name":"wp","href":"https:\/\/api.w.org\/{rel}","templated":true}]}}