{"id":841,"date":"2022-06-05T20:10:28","date_gmt":"2022-06-05T18:10:28","guid":{"rendered":"https:\/\/www.kubo-austria.com\/?page_id=841"},"modified":"2022-08-30T14:37:17","modified_gmt":"2022-08-30T12:37:17","slug":"location-deutsch","status":"publish","type":"page","link":"http:\/\/kubo22.kubo-austria.com\/?page_id=841&lang=de","title":{"rendered":"Location &#8211; Deutsch"},"content":{"rendered":"<div  data-label=\"About\" data-id=\"about--2\" data-export-id=\"about-9\" data-category=\"about\" class=\"about-9 content-section content-section-spacing content-relative\" id=\"about-2\" style=\"background-color: rgb(35, 36, 37); background-image: none;\" data-section-ov=\"1\"><div  class=\"gridContainer\"> <div  class=\"row middle-sm text-center\"><div  class=\"col-sm-5 space-bottom-xs content-column\" data-type=\"column\"> <h5  class=\"\" style=\"text-align: left;\"><span  style=\"color: rgb(237, 208, 80);\">LOCATION<\/span><\/h5> <h2  class=\"\" style=\"text-align: left;\">VHS GROSSFELDSIEDLUNG<\/h2> <p  class=\"lead\" style=\"text-align: right;\"><span  style=\"color: rgb(231, 226, 221); font-weight: 600;\">K\u00fcrschnergasse 9<\/span><br ><span  style=\"color: rgb(231, 226, 221); font-weight: 600;\">\n1210 Wien<\/span><\/p><p  class=\"\" style=\"text-align: left;\"><span  style=\"font-weight: 600;\">So kommst Du \u00f6ffentlich zu uns:<\/span><\/p><p  class=\"\" style=\"text-align: left;\">\u2022 U-Bahn U1 \u2013 Station Gro\u00dffeldsiedlung U<br >\n\u2022 Bus 28A, 29A \u2013 N25, Station Gro\u00dffeldsiedlung U<br >\n\u2022 Bus 29A, N25 \u2013 Station K\u00fcrschnergasse<br >\n\u2022 S-Bahn S1, S7 \u2013 Station Leopoldau S+U<br >\n\u2022 Regionalbahn \u2013 Station Leopoldau S+U<\/p> <p  class=\"\" style=\"text-align: right;\"><span  style=\"font-weight: 500;\"><a data-mce-href=\"https:\/\/anachb.vor.at?storageRecon=42391ab5-f137-4ec5-a269-0a19b15f4798\" href=\"https:\/\/anachb.vor.at?storageRecon=42391ab5-f137-4ec5-a269-0a19b15f4798\" target=\"_blank\" rel=\"noopener\" data-mce-selected=\"inline-boundary\" data-cp-link=\"1\" class=\"\">Suche online nach einer Verbindung<\/a><\/span><\/p><p  class=\"\"><\/p><p  class=\"\" style=\"text-align: left;\"><span  style=\"font-weight: 600;\">Mit dem Auto:<\/span><\/p><p  class=\"\" style=\"text-align: left;\">Wenn Du mit dem Auto anreist, kannst Du z.B. auf dem <span  style=\"color: rgb(237, 208, 80);\"><a data-mce-href=\"http:\/\/kubo22.gfz.at\/service\/anfahrt-parken\/\" href=\"http:\/\/kubo22.gfz.at\/service\/anfahrt-parken\" target=\"_blank\" rel=\"noopener\" data-mce-selected=\"inline-boundary\" data-cp-link=\"1\" class=\"\">privaten Parkplatz am Einkaufszentrum<\/a><\/span> max. 2 Stunden kostenlos parken. Es stehen ca. 110 Parkpl\u00e4tze zur Verf\u00fcgung (davon 4 f\u00fcr Personen mit eingeschr\u00e4nkter Mobilit\u00e4t).<\/p><p  class=\"\" style=\"text-align: right;\"><span  style=\"font-weight: 500;\"><a data-mce-href=\"https:\/\/goo.gl\/maps\/puA8CbY1dX2rNvWTA\" href=\"https:\/\/goo.gl\/maps\/puA8CbY1dX2rNvWTA\" target=\"_blank\" rel=\"noopener\" data-mce-selected=\"inline-boundary\" data-cp-link=\"1\" class=\"\">\ufeffOnline-Routenplaner<\/a><\/span><span  id=\"_mce_caret\" data-mce-bogus=\"1\" data-mce-type=\"format-caret\"><span  style=\"font-weight: 500;\">\ufeff<\/span><\/span><\/p><p  class=\"\"><span  style=\"font-style: italic;\">Wir empfehlen f\u00fcr die Anreise das ausgezeichnete \u00f6ffentliche Verkehrsnetz der Stadt Wien.&nbsp; Der Parkplatz an der VHS Gro\u00dffeldsiedlung wird vor allem w\u00e4hrend der \u00d6ffnungszeiten des Einkaufzentrum sehr stark benutzt.<\/span><\/p><\/div> <div  class=\"col-sm-7 flexbox flexbox middle-xs center-xs space-bottom-xs\"><div  class=\"overlay-box flexbox middle-xs center-xs overlay-holder \"> <div  class=\"overlay-box-offset offset-background shadow-medium bg-color2 hide-xs\"><\/div> <img decoding=\"async\"  class=\"flexbox shadow-large img1\" src=\"http:\/\/kubo22.kubo-austria.com\/wp-content\/uploads\/2022\/06\/WhatsApp-Image-2022-06-05-at-19.17.43_cropped.jpeg\" data-size=\"600x400\" title=\"WhatsApp Image 2022-06-05 at 19.17.43_cropped\" alt=\"\"><\/div> <\/div><\/div> <\/div><div  class=\"section-separator-bottom\">\n    <svg  class=\"section-separator-bottom\" data-separator-name=\"triangle-asymmetrical-negative\" preserveAspectRatio=\"none\" viewBox=\"0 0 1000 100\" xmlns=\"http:\/\/www.w3.org\/2000\/svg\">\n        <path  class=\"svg-white-bg\" d=\"M737.9,94.7L0,0v100h1000V0L737.9,94.7z\"><\/path>\n    <\/svg>\n<\/div><\/div><div  data-label=\"Content\" data-id=\"content--2\" data-export-id=\"content-8\" data-category=\"content\" class=\"content-8 content-section content-section-spacing content-relative\" id=\"content-2\" style=\"background-color: rgb(231, 226, 221); background-image: none;\" data-section-ov=\"1\"><div  class=\"section-separator-top\">\n    <svg  xmlns=\"http:\/\/www.w3.org\/2000\/svg\" viewBox=\"0 0 1000 100\" preserveAspectRatio=\"none\" data-separator-name=\"triangle-negative\" class=\"section-separator-top\">\n\t<path  class=\"svg-white-bg\" d=\"M500.2,94.7L0,0v100h1000V0L500.2,94.7z\"><\/path>\n<\/svg>\n<\/div><div  class=\"gridContainer\"> <div  class=\"row middle-sm\"><div  class=\"col-sm-6 space-bottom-xs space-top-xs\" data-type=\"column\"> <img decoding=\"async\"  class=\"shadow-large\" src=\"http:\/\/kubo22.kubo-austria.com\/wp-content\/uploads\/2022\/06\/VHS_Entrance_deutsch.jpg\" title=\"VHS_Entrance_deutsch\" alt=\"\"><\/div> <div  class=\"col-sm-6\" data-type=\"column\"><h2  class=\"\"><span  style=\"color: rgb(35, 36, 37);\">Du bist angekommen!<\/span><\/h2> <p  class=\"\" style=\"text-align: right;\"><span  style=\"color: rgb(35, 36, 37);\">Der Eingang der VHS Gro\u00dffeldsiedlung befindet sich im Inneren des Einkaufszentrums. Bitte gehe von der U-Bahn-Station nach links und vom Parkplatz zum Haupteingang des Einkaufszentrums und halte Dich dann immer rechts.<\/span><\/p> <\/div> <\/div><\/div> <div  class=\"section-separator-bottom\">\n    <svg  class=\"section-separator-bottom\" data-separator-name=\"triangle-asymmetrical-negative\" preserveAspectRatio=\"none\" viewBox=\"0 0 1000 100\" xmlns=\"http:\/\/www.w3.org\/2000\/svg\">\n        <path  class=\"svg-white-bg\" d=\"M737.9,94.7L0,0v100h1000V0L737.9,94.7z\"><\/path>\n    <\/svg>\n<\/div><\/div><div  data-label=\"Content\" data-id=\"content--3\" data-export-id=\"content-12\" data-category=\"content\" class=\"content-12 content-section content-section-spacing content-relative\" id=\"content-3\" style=\"background-color: rgb(35, 36, 37); background-image: none;\"><div  class=\"section-separator-top\">\n    <svg  xmlns=\"http:\/\/www.w3.org\/2000\/svg\" viewBox=\"0 0 1000 100\" preserveAspectRatio=\"none\" data-separator-name=\"triangle-negative\" class=\"section-separator-top\">\n\t<path  class=\"svg-white-bg\" d=\"M500.2,94.7L0,0v100h1000V0L500.2,94.7z\"><\/path>\n<\/svg>\n<\/div><div  class=\"gridContainer\"> <div  class=\"row text-center\"><div  class=\"section-title-col\" data-type=\"column\"> <h2  class=\"\">Willkommen! Tuloy po!<\/h2> <p  class=\"\">F\u00fcr ein sch\u00f6nes Fest miteinander:<\/p><\/div> <\/div> <div  class=\"row center-xs middle-xs\"> <div  class=\"col-sm-9\" data-type=\"column\"> <a data-cp-link=\"1\" href=\"http:\/\/kubo22.kubo-austria.com\/wp-content\/uploads\/2022\/08\/Hausordnung_KUBO22.pdf\" class=\"\" target=\"_blank\" rel=\"noopener\"><img decoding=\"async\"  class=\"shadow-large\" src=\"http:\/\/kubo22.kubo-austria.com\/wp-content\/uploads\/2022\/08\/cropped-Hausordnung_KUBO22-1.jpg\" title=\"Hausordnung_KUBO22\" alt=\"\"><\/a><p  class=\"\"><span  style=\"font-style: italic;\">Mit der Teilnahme an unserer Veranstaltung wird unsere Hausordnung automatisch akzeptiert.<\/span><\/p><\/div> <\/div><\/div> <\/div>","protected":false},"excerpt":{"rendered":"<p>LOCATION VHS GROSSFELDSIEDLUNG K\u00fcrschnergasse 9 1210 WienSo kommst Du \u00f6ffentlich zu uns:\u2022 U-Bahn U1 \u2013 Station Gro\u00dffeldsiedlung U \u2022 Bus 28A, 29A \u2013 N25, Station Gro\u00dffeldsiedlung U \u2022 Bus 29A, N25 \u2013 Station K\u00fcrschnergasse \u2022 S-Bahn S1, S7 \u2013 Station Leopoldau S+U \u2022 Regionalbahn \u2013 Station Leopoldau S+U Suche online nach einer VerbindungMit dem Auto:Wenn&hellip; <br \/> <a class=\"read-more\" href=\"http:\/\/kubo22.kubo-austria.com\/?page_id=841&#038;lang=de\">Read more<\/a><\/p>\n","protected":false},"author":2,"featured_media":0,"parent":0,"menu_order":0,"comment_status":"closed","ping_status":"closed","template":"pro\/page-templates\/full-width-page.php","meta":{"footnotes":""},"class_list":["post-841","page","type-page","status-publish","hentry"],"_links":{"self":[{"href":"http:\/\/kubo22.kubo-austria.com\/index.php?rest_route=\/wp\/v2\/pages\/841","targetHints":{"allow":["GET"]}}],"collection":[{"href":"http:\/\/kubo22.kubo-austria.com\/index.php?rest_route=\/wp\/v2\/pages"}],"about":[{"href":"http:\/\/kubo22.kubo-austria.com\/index.php?rest_route=\/wp\/v2\/types\/page"}],"author":[{"embeddable":true,"href":"http:\/\/kubo22.kubo-austria.com\/index.php?rest_route=\/wp\/v2\/users\/2"}],"replies":[{"embeddable":true,"href":"http:\/\/kubo22.kubo-austria.com\/index.php?rest_route=%2Fwp%2Fv2%2Fcomments&post=841"}],"version-history":[{"count":26,"href":"http:\/\/kubo22.kubo-austria.com\/index.php?rest_route=\/wp\/v2\/pages\/841\/revisions"}],"predecessor-version":[{"id":2024,"href":"http:\/\/kubo22.kubo-austria.com\/index.php?rest_route=\/wp\/v2\/pages\/841\/revisions\/2024"}],"wp:attachment":[{"href":"http:\/\/kubo22.kubo-austria.com\/index.php?rest_route=%2Fwp%2Fv2%2Fmedia&parent=841"}],"curies":[{"name":"wp","href":"https:\/\/api.w.org\/{rel}","templated":true}]}}